{"id":22,"date":"2021-08-07T13:46:48","date_gmt":"2021-08-07T11:46:48","guid":{"rendered":"https:\/\/paginaweb.schutzwald-ev.de\/es\/?page_id=22"},"modified":"2022-07-26T16:56:29","modified_gmt":"2022-07-26T14:56:29","slug":"apoyar","status":"publish","type":"page","link":"https:\/\/schutzwald-ev.de\/es\/apoyar\/","title":{"rendered":"Impressum"},"content":{"rendered":"\n<p><a href=\"http:\/\/www.schutzwald-ev.de\/\">www.schutzwald-ev.de<\/a> ist der aktuelle Online-Dienst des Schutzwald e.V.<\/p>\n\n\n\n<p>Postanschrift: Ob den Rainen 5 78315 Radolfzell am Bodensee<\/p>\n\n\n\n<p>E-Mail: info (at) schutzwald-ev.de<\/p>\n\n\n\n<p>Vertretungsberechtigter Vorstand: Stefan Dietrich, Jonas Stelzig<\/p>\n\n\n\n<p>Schutzwald e.V. ist im Vereinsregister des Amtsgerichtes Freiburg im Breisgau unter der VR-Nummer 550363 eingetragen. F\u00fcr redaktionelle Beitr\u00e4ge, die namentlich gekennzeichnet sind, liegt die Verantwortung im Sinne des Presserechts beim Autor oder bei der Autorin. Die Website <a href=\"http:\/\/www.schutzwald-ev.de\/\">www.schutzwald-ev.de<\/a> wird von einem Redaktionsteam des Schutzwald e.V. betreut.<\/p>\n\n\n\n<p>Verantwortlich f\u00fcr die Texte auf dieser Homepage, die nicht eindeutig durch den Autor gekennzeichnet sind ist Moritz Habermehl, \u00fcber den ebenfalls die Redaktion erreichbar ist homepage (at) schutzwald-ev.de.<\/p>\n\n\n\n<p><br><strong>Nutzungsbedingungen<\/strong><\/p>\n\n\n\n<p>Texte, Bilder, Grafiken sowie die Gestaltung dieser Internetseiten unterliegen dem Urheberrecht. Sie d\u00fcrfen von Ihnen nur zum privaten und sonstigen eigenen Gebrauch im Rahmen des \u00a7 53 Urheberrechtsgesetz (UrhG) verwendet werden. Eine Vervielf\u00e4ltigung oder Verwendung dieser Seiten oder Teilen davon in anderen elektronischen oder gedruckten Publikationen und deren Ver\u00f6ffentlichung ist nur mit unserer Einwilligung gestattet.<br><br><strong>Haftungsausschluss<\/strong><br>Alle auf dieser Internetseite bereitgestellten Informationen haben wir nach bestem Wissen und Gewissen erarbeitet und gepr\u00fcft. Eine Gew\u00e4hr f\u00fcr die jederzeitige Aktualit\u00e4t, Richtigkeit, Vollst\u00e4ndigkeit und Verf\u00fcgbarkeit der bereit gestellten Informationen k\u00f6nnen wir allerdings nicht \u00fcbernehmen. Ein Vertragsverh\u00e4ltnis mit den Nutzern des Internetangebots kommt nicht zustande. Wir haften nicht f\u00fcr Sch\u00e4den, die durch die Nutzung dieses Internetangebots entstehen.<br><br><strong>Links<\/strong><br>Von unseren eigenen Inhalten sind Querverweise (\u201eLinks\u201c) auf die Webseiten anderer Anbieter zu unterscheiden. Durch diese Links erm\u00f6glichen wir lediglich den Zugang zur Nutzung fremder Inhalte nach \u00a7 8 Telemediengesetz. Bei der erstmaligen Verkn\u00fcpfung mit diesen Internetangeboten haben wir diese fremden Inhalte daraufhin \u00fcberpr\u00fcft, ob durch sie eine m\u00f6gliche zivilrechtliche oder strafrechtliche Verantwortlichkeit ausgel\u00f6st wird. Wir k\u00f6nnen diese fremden Inhalte aber nicht st\u00e4ndig auf Ver\u00e4nderungen \u00fcberpr\u00fcfen und daher auch keine Verantwortung daf\u00fcr \u00fcbernehmen. F\u00fcr illegale, fehlerhafte oder unvollst\u00e4ndige Inhalte und insbesondere f\u00fcr Sch\u00e4den, die aus der Nutzung oder Nichtnutzung von Informationen Dritter entstehen, haftet allein der jeweilige Anbieter der Seite.<\/p>\n","protected":false},"excerpt":{"rendered":"<p>www.schutzwald-ev.de ist der aktuelle Online-Dienst des Schutzwald e.V. Postanschrift: Ob den Rainen 5 78315 Radolfzell am Bodensee E-Mail: info (at) schutzwald-ev.de Vertretungsberechtigter Vorstand: Stefan Dietrich, Jonas Stelzig Schutzwald e.V. ist im Vereinsregister des Amtsgerichtes Freiburg im Breisgau unter der VR-Nummer 550363 eingetragen. F\u00fcr redaktionelle Beitr\u00e4ge, die namentlich gekennzeichnet sind, liegt die Verantwortung im Sinne des &#8230; <a title=\"Impressum\" class=\"read-more\" href=\"https:\/\/schutzwald-ev.de\/es\/apoyar\/\" aria-label=\"M\u00e1s en Impressum\">Leer m\u00e1s<\/a><\/p>\n","protected":false},"author":1,"featured_media":0,"parent":0,"menu_order":0,"comment_status":"closed","ping_status":"closed","template":"","meta":{"ub_ctt_via":""},"featured_image_src":null,"_links":{"self":[{"href":"https:\/\/schutzwald-ev.de\/es\/wp-json\/wp\/v2\/pages\/22"}],"collection":[{"href":"https:\/\/schutzwald-ev.de\/es\/wp-json\/wp\/v2\/pages"}],"about":[{"href":"https:\/\/schutzwald-ev.de\/es\/wp-json\/wp\/v2\/types\/page"}],"author":[{"embeddable":true,"href":"https:\/\/schutzwald-ev.de\/es\/wp-json\/wp\/v2\/users\/1"}],"replies":[{"embeddable":true,"href":"https:\/\/schutzwald-ev.de\/es\/wp-json\/wp\/v2\/comments?post=22"}],"version-history":[{"count":2,"href":"https:\/\/schutzwald-ev.de\/es\/wp-json\/wp\/v2\/pages\/22\/revisions"}],"predecessor-version":[{"id":55,"href":"https:\/\/schutzwald-ev.de\/es\/wp-json\/wp\/v2\/pages\/22\/revisions\/55"}],"wp:attachment":[{"href":"https:\/\/schutzwald-ev.de\/es\/wp-json\/wp\/v2\/media?parent=22"}],"curies":[{"name":"wp","href":"https:\/\/api.w.org\/{rel}","templated":true}]}}