{"id":12,"date":"2021-08-07T13:42:58","date_gmt":"2021-08-07T11:42:58","guid":{"rendered":"https:\/\/paginaweb.schutzwald-ev.de\/es\/?page_id=12"},"modified":"2022-07-26T19:13:01","modified_gmt":"2022-07-26T17:13:01","slug":"pagina-principal","status":"publish","type":"page","link":"https:\/\/schutzwald-ev.de\/es\/","title":{"rendered":"p\u00e1gina principal"},"content":{"rendered":"\n<h2>Bienvenido a Fundaci\u00f3n Schutzwald! <\/h2>\n\n\n\n<p>Fundaci\u00f3n Schutzwald (Schutzwald e.V.) apoya iniciativas para la conservaci\u00f3n de los bosques tropicales en Ecuador y coopera con las comunidades que luchan activamente por el uso sostenible de sus bosques. Nuestro objetivo es realizar proyectos en asociaci\u00f3n mediante la m\u00e1s amplia participaci\u00f3n de la poblaci\u00f3n local.<\/p>\n\n\n\n<p>Nuestro compromiso se centra actualmente en la mayor concesi\u00f3n de conservaci\u00f3n de manglares de la costa del Pac\u00edfico de Ecuador. All\u00ed, entre otras cosas, ofrecemos un intercambio en forma de servicios voluntarios en el marco del programa weltw\u00e4rts del gobierno alem\u00e1n. Los voluntarios procedentes de Alemania contribuyen a las comunidades costeras de Ecuador en las \u00e1reas de coordinaci\u00f3n de proyectos, educaci\u00f3n, cultura, turismo comunitario y salud, mientras que los voluntarios de Ecuador trabajan en el Palatinado en proyectos de desarrollo de pueblos, inclusi\u00f3n, cultura, turismo y protecci\u00f3n del medio ambiente.<\/p>\n\n\n<section class=\"ub-block-post-grid align \"><div class=\"ub-post-grid-items is-grid columns-2\"><article id=\"post-64\" class=\"ub-post-grid-item post-64 post type-post status-publish format-standard hentry category-menu\"><div class=\"ub-block-post-grid-text\"><header class=\"ub-block-post-grid-header\"><h4 class=\"ub-block-post-grid-title\"><a href=\"https:\/\/schutzwald-ev.de\/es\/fundacion-schutzwald\/\" rel=\"bookmark\">Fundaci\u00f3n Schutzwald<\/a><\/h4><\/header><div class=\"ub-block-post-grid-excerpt\"><p>Nuestros miembros activos son voluntarios que conocen los proyectos personalmente y est\u00e1n vinculados a ellos. Nuestro objetivo es un uso adecuado y responsable de los recursos locales por parte de los implicados, que permita tanto la preservaci\u00f3n del ecosistema como un \u00abbuen vivir\u00bb para los habitantes. El servicio voluntario o los proyectos cuestan dinero; desglosamos&hellip;<\/p>\n<p><a class=\"ub-block-post-grid-more-link ub-text-link\" href=\"https:\/\/schutzwald-ev.de\/es\/fundacion-schutzwald\/\" rel=\"bookmark\">M\u00e1s informaci\u00f3n <span class=\"screen-reader-text\">Fundaci\u00f3n Schutzwald<\/span><\/a><\/p><\/div><\/div><\/article>\n<article id=\"post-75\" class=\"ub-post-grid-item post-75 post type-post status-publish format-standard hentry category-menu\"><div class=\"ub-block-post-grid-text\"><header class=\"ub-block-post-grid-header\"><h4 class=\"ub-block-post-grid-title\"><a href=\"https:\/\/schutzwald-ev.de\/es\/regiones-y-proyectos\/\" rel=\"bookmark\">Regiones y proyectos<\/a><\/h4><\/header><div class=\"ub-block-post-grid-excerpt\"><p>Las regiones y comunidades del proyecto con las que trabajamos se presentan. Para la preservaci\u00f3n de los ecosistemas y el \u00abbuen vivir\u00bb, trabajamos en varias \u00e1reas de proyectos como la educaci\u00f3n, la atenci\u00f3n primaria y la salud, entre otras.<\/p>\n<p><a class=\"ub-block-post-grid-more-link ub-text-link\" href=\"https:\/\/schutzwald-ev.de\/es\/regiones-y-proyectos\/\" rel=\"bookmark\">M\u00e1s informaci\u00f3n <span class=\"screen-reader-text\">Regiones y proyectos<\/span><\/a><\/p><\/div><\/div><\/article>\n<article id=\"post-73\" class=\"ub-post-grid-item post-73 post type-post status-publish format-standard hentry category-menu\"><div class=\"ub-block-post-grid-text\"><header class=\"ub-block-post-grid-header\"><h4 class=\"ub-block-post-grid-title\"><a href=\"https:\/\/schutzwald-ev.de\/es\/voluntariado-norte-sur\/\" rel=\"bookmark\">Voluntariado norte-sur<\/a><\/h4><\/header><div class=\"ub-block-post-grid-excerpt\"><p>Vive un a\u00f1o en Ecuador con un servicio de voluntariado en \u00e1reas como la educaci\u00f3n, el turismo, el agua potable o la salud. Conozca m\u00e1s sobre la regi\u00f3n y las condiciones para el voluntariado.<\/p>\n<p><a class=\"ub-block-post-grid-more-link ub-text-link\" href=\"https:\/\/schutzwald-ev.de\/es\/voluntariado-norte-sur\/\" rel=\"bookmark\">M\u00e1s informaci\u00f3n <span class=\"screen-reader-text\">Voluntariado norte-sur<\/span><\/a><\/p><\/div><\/div><\/article>\n<article id=\"post-70\" class=\"ub-post-grid-item post-70 post type-post status-publish format-standard hentry category-menu\"><div class=\"ub-block-post-grid-text\"><header class=\"ub-block-post-grid-header\"><h4 class=\"ub-block-post-grid-title\"><a href=\"https:\/\/schutzwald-ev.de\/es\/voluntariado-sur-norte\/\" rel=\"bookmark\">Voluntariado sur-norte<\/a><\/h4><\/header><div class=\"ub-block-post-grid-excerpt\"><p>Vivir en Alemania durante un a\u00f1o con un servicio de voluntariado en \u00e1reas como el turismo, la soberan\u00eda alimentaria o la educaci\u00f3n. Uno de los objetivos del programa Sur-Norte es reforzar la cooperaci\u00f3n entre las comunidades del Golfo de Guayaquil y el Palatinado. Por ello, el Servicio de Voluntariado Sur-Norte est\u00e1 dirigido exclusivamente a personas&hellip;<\/p>\n<p><a class=\"ub-block-post-grid-more-link ub-text-link\" href=\"https:\/\/schutzwald-ev.de\/es\/voluntariado-sur-norte\/\" rel=\"bookmark\">M\u00e1s informaci\u00f3n <span class=\"screen-reader-text\">Voluntariado sur-norte<\/span><\/a><\/p><\/div><\/div><\/article>\n<article id=\"post-68\" class=\"ub-post-grid-item post-68 post type-post status-publish format-standard hentry category-menu\"><div class=\"ub-block-post-grid-text\"><header class=\"ub-block-post-grid-header\"><h4 class=\"ub-block-post-grid-title\"><a href=\"https:\/\/schutzwald-ev.de\/es\/apoyar\/\" rel=\"bookmark\">Apoyar<\/a><\/h4><\/header><div class=\"ub-block-post-grid-excerpt\"><p>Somos una asociaci\u00f3n que se financia principalmente con cuotas de socios y donaciones de particulares. Como parte de weltw\u00e4rts, el servicio de desarrollo voluntario del gobierno federal, tambi\u00e9n recibimos fondos del Ministerio Federal de Cooperaci\u00f3n Econ\u00f3mica y Desarrollo (BMZ) para garantizar que los voluntarios en Ecuador sean atendidos. Todos nuestros miembros trabajan de forma voluntaria.&hellip;<\/p>\n<p><a class=\"ub-block-post-grid-more-link ub-text-link\" href=\"https:\/\/schutzwald-ev.de\/es\/apoyar\/\" rel=\"bookmark\">M\u00e1s informaci\u00f3n <span class=\"screen-reader-text\">Apoyar<\/span><\/a><\/p><\/div><\/div><\/article>\n<article id=\"post-66\" class=\"ub-post-grid-item post-66 post type-post status-publish format-standard hentry category-menu\"><div class=\"ub-block-post-grid-text\"><header class=\"ub-block-post-grid-header\"><h4 class=\"ub-block-post-grid-title\"><a href=\"https:\/\/schutzwald-ev.de\/es\/actual\/\" rel=\"bookmark\">Actual<\/a><\/h4><\/header><div class=\"ub-block-post-grid-excerpt\"><p>En este punto proporcionamos informaci\u00f3n sobre los plazos de solicitud de vacantes, fechas e informaci\u00f3n sobre servicios de voluntariado, conferencias y otras noticias. Estas y otras ideas tambi\u00e9n se pueden encontrar en nuestras p\u00e1ginas de redes sociales, no dude en seguirnos all\u00ed:<\/p>\n<p><a class=\"ub-block-post-grid-more-link ub-text-link\" href=\"https:\/\/schutzwald-ev.de\/es\/actual\/\" rel=\"bookmark\">M\u00e1s informaci\u00f3n <span class=\"screen-reader-text\">Actual<\/span><\/a><\/p><\/div><\/div><\/article>\n<\/div><\/section>","protected":false},"excerpt":{"rendered":"<p>Bienvenido a Fundaci\u00f3n Schutzwald! Fundaci\u00f3n Schutzwald (Schutzwald e.V.) apoya iniciativas para la conservaci\u00f3n de los bosques tropicales en Ecuador y coopera con las comunidades que luchan activamente por el uso sostenible de sus bosques. Nuestro objetivo es realizar proyectos en asociaci\u00f3n mediante la m\u00e1s amplia participaci\u00f3n de la poblaci\u00f3n local. Nuestro compromiso se centra actualmente &#8230; <a title=\"p\u00e1gina principal\" class=\"read-more\" href=\"https:\/\/schutzwald-ev.de\/es\/\" aria-label=\"M\u00e1s en p\u00e1gina principal\">Leer m\u00e1s<\/a><\/p>\n","protected":false},"author":1,"featured_media":0,"parent":0,"menu_order":0,"comment_status":"closed","ping_status":"closed","template":"","meta":{"ub_ctt_via":""},"featured_image_src":null,"_links":{"self":[{"href":"https:\/\/schutzwald-ev.de\/es\/wp-json\/wp\/v2\/pages\/12"}],"collection":[{"href":"https:\/\/schutzwald-ev.de\/es\/wp-json\/wp\/v2\/pages"}],"about":[{"href":"https:\/\/schutzwald-ev.de\/es\/wp-json\/wp\/v2\/types\/page"}],"author":[{"embeddable":true,"href":"https:\/\/schutzwald-ev.de\/es\/wp-json\/wp\/v2\/users\/1"}],"replies":[{"embeddable":true,"href":"https:\/\/schutzwald-ev.de\/es\/wp-json\/wp\/v2\/comments?post=12"}],"version-history":[{"count":6,"href":"https:\/\/schutzwald-ev.de\/es\/wp-json\/wp\/v2\/pages\/12\/revisions"}],"predecessor-version":[{"id":160,"href":"https:\/\/schutzwald-ev.de\/es\/wp-json\/wp\/v2\/pages\/12\/revisions\/160"}],"wp:attachment":[{"href":"https:\/\/schutzwald-ev.de\/es\/wp-json\/wp\/v2\/media?parent=12"}],"curies":[{"name":"wp","href":"https:\/\/api.w.org\/{rel}","templated":true}]}}